{"id":68,"date":"2017-08-12T18:43:19","date_gmt":"2017-08-12T15:43:19","guid":{"rendered":"http:\/\/demo.acmethemes.com\/medical-circle\/?page_id=68"},"modified":"2019-02-08T21:24:41","modified_gmt":"2019-02-08T18:24:41","slug":"2017-yilinda-katildigimiz-ids-fuari","status":"publish","type":"page","link":"https:\/\/lunacasting.com\/index.php\/anasayfa\/2017-yilinda-katildigimiz-ids-fuari\/","title":{"rendered":"2017 Y\u0131l\u0131nda Kat\u0131ld\u0131\u011f\u0131m\u0131z IDS Fuar\u0131"},"content":{"rendered":"","protected":false},"excerpt":{"rendered":"","protected":false},"author":1,"featured_media":496,"parent":5,"menu_order":0,"comment_status":"closed","ping_status":"closed","template":"","meta":[],"_links":{"self":[{"href":"https:\/\/lunacasting.com\/index.php\/wp-json\/wp\/v2\/pages\/68"}],"collection":[{"href":"https:\/\/lunacasting.com\/index.php\/wp-json\/wp\/v2\/pages"}],"about":[{"href":"https:\/\/lunacasting.com\/index.php\/wp-json\/wp\/v2\/types\/page"}],"author":[{"embeddable":true,"href":"https:\/\/lunacasting.com\/index.php\/wp-json\/wp\/v2\/users\/1"}],"replies":[{"embeddable":true,"href":"https:\/\/lunacasting.com\/index.php\/wp-json\/wp\/v2\/comments?post=68"}],"version-history":[{"count":3,"href":"https:\/\/lunacasting.com\/index.php\/wp-json\/wp\/v2\/pages\/68\/revisions"}],"predecessor-version":[{"id":498,"href":"https:\/\/lunacasting.com\/index.php\/wp-json\/wp\/v2\/pages\/68\/revisions\/498"}],"up":[{"embeddable":true,"href":"https:\/\/lunacasting.com\/index.php\/wp-json\/wp\/v2\/pages\/5"}],"wp:featuredmedia":[{"embeddable":true,"href":"https:\/\/lunacasting.com\/index.php\/wp-json\/wp\/v2\/media\/496"}],"wp:attachment":[{"href":"https:\/\/lunacasting.com\/index.php\/wp-json\/wp\/v2\/media?parent=68"}],"curies":[{"name":"wp","href":"https:\/\/api.w.org\/{rel}","templated":true}]}}