{"id":65,"date":"2017-08-12T18:42:00","date_gmt":"2017-08-12T15:42:00","guid":{"rendered":"http:\/\/demo.acmethemes.com\/medical-circle\/?page_id=65"},"modified":"2019-02-08T21:31:59","modified_gmt":"2019-02-08T18:31:59","slug":"lunagel-negativform-otoplastik","status":"publish","type":"page","link":"https:\/\/lunacasting.com\/index.php\/anasayfa\/lunagel-negativform-otoplastik\/","title":{"rendered":"LUNAGEL NEGAT\u0130VFORM OTOPLASTIK"},"content":{"rendered":"<p>Luna kal\u0131p materyali, bir t\u00fcr hidrokolloit kan\u0131tlanm\u0131\u015f negatif kal\u0131p materyalidir. \u015eeffaf olma \u00f6zelli\u011fi sayesinde malzeme \u0131\u015f\u0131kla sertle\u015ftirme tekni\u011fiyle i\u015flem yapmak i\u00e7in uygundur.<br \/>\nMateryal, son derece net detay ve do\u011fruluk verir. Birka\u00e7 kez tekrar kullan\u0131labilir.<\/p>\n","protected":false},"excerpt":{"rendered":"<p>Luna kal\u0131p materyali, bir t\u00fcr hidrokolloit kan\u0131tlanm\u0131\u015f negatif kal\u0131p materyalidir. \u015eeffaf olma \u00f6zelli\u011fi sayesinde malzeme \u0131\u015f\u0131kla sertle\u015ftirme tekni\u011fiyle i\u015flem yapmak i\u00e7in uygundur.<br \/>\nMateryal, son derece net detay ve do\u011fruluk verir. Birka\u00e7 kez tekrar kullan\u0131labilir.<\/p>\n","protected":false},"author":1,"featured_media":501,"parent":5,"menu_order":0,"comment_status":"closed","ping_status":"closed","template":"","meta":[],"_links":{"self":[{"href":"https:\/\/lunacasting.com\/index.php\/wp-json\/wp\/v2\/pages\/65"}],"collection":[{"href":"https:\/\/lunacasting.com\/index.php\/wp-json\/wp\/v2\/pages"}],"about":[{"href":"https:\/\/lunacasting.com\/index.php\/wp-json\/wp\/v2\/types\/page"}],"author":[{"embeddable":true,"href":"https:\/\/lunacasting.com\/index.php\/wp-json\/wp\/v2\/users\/1"}],"replies":[{"embeddable":true,"href":"https:\/\/lunacasting.com\/index.php\/wp-json\/wp\/v2\/comments?post=65"}],"version-history":[{"count":3,"href":"https:\/\/lunacasting.com\/index.php\/wp-json\/wp\/v2\/pages\/65\/revisions"}],"predecessor-version":[{"id":500,"href":"https:\/\/lunacasting.com\/index.php\/wp-json\/wp\/v2\/pages\/65\/revisions\/500"}],"up":[{"embeddable":true,"href":"https:\/\/lunacasting.com\/index.php\/wp-json\/wp\/v2\/pages\/5"}],"wp:featuredmedia":[{"embeddable":true,"href":"https:\/\/lunacasting.com\/index.php\/wp-json\/wp\/v2\/media\/501"}],"wp:attachment":[{"href":"https:\/\/lunacasting.com\/index.php\/wp-json\/wp\/v2\/media?parent=65"}],"curies":[{"name":"wp","href":"https:\/\/api.w.org\/{rel}","templated":true}]}}