{"id":62,"date":"2017-08-12T18:40:36","date_gmt":"2017-08-12T15:40:36","guid":{"rendered":"http:\/\/demo.acmethemes.com\/medical-circle\/?page_id=62"},"modified":"2019-02-08T22:01:57","modified_gmt":"2019-02-08T19:01:57","slug":"luna-wax-sprey","status":"publish","type":"page","link":"https:\/\/lunacasting.com\/index.php\/anasayfa\/luna-wax-sprey\/","title":{"rendered":"LUNA WAX SPREY"},"content":{"rendered":"<p>Mum modelajlar\u0131n b\u00fcnyesindeki ya\u011f\u0131 temizlemeye ve revetman\u0131n y\u00fczeye p\u00fcr\u00fczs\u00fcz yap\u0131\u015fmas\u0131n\u0131 sa\u011flayan, mum \u00fczerindeki gerilimi minumuma indiren ve d\u00f6k\u00fcm sonras\u0131 revetman temizli\u011fini kolayla\u015ft\u0131ran sprey \u00fcr\u00fcnd\u00fcr.<\/p>\n","protected":false},"excerpt":{"rendered":"<p>Mum modelajlar\u0131n b\u00fcnyesindeki ya\u011f\u0131 temizlemeye ve revetman\u0131n y\u00fczeye p\u00fcr\u00fczs\u00fcz yap\u0131\u015fmas\u0131n\u0131 sa\u011flayan, mum \u00fczerindeki gerilimi minumuma indiren ve d\u00f6k\u00fcm sonras\u0131 revetman temizli\u011fini kolayla\u015ft\u0131ran sprey \u00fcr\u00fcnd\u00fcr.<\/p>\n","protected":false},"author":1,"featured_media":507,"parent":5,"menu_order":0,"comment_status":"closed","ping_status":"closed","template":"","meta":[],"_links":{"self":[{"href":"https:\/\/lunacasting.com\/index.php\/wp-json\/wp\/v2\/pages\/62"}],"collection":[{"href":"https:\/\/lunacasting.com\/index.php\/wp-json\/wp\/v2\/pages"}],"about":[{"href":"https:\/\/lunacasting.com\/index.php\/wp-json\/wp\/v2\/types\/page"}],"author":[{"embeddable":true,"href":"https:\/\/lunacasting.com\/index.php\/wp-json\/wp\/v2\/users\/1"}],"replies":[{"embeddable":true,"href":"https:\/\/lunacasting.com\/index.php\/wp-json\/wp\/v2\/comments?post=62"}],"version-history":[{"count":3,"href":"https:\/\/lunacasting.com\/index.php\/wp-json\/wp\/v2\/pages\/62\/revisions"}],"predecessor-version":[{"id":506,"href":"https:\/\/lunacasting.com\/index.php\/wp-json\/wp\/v2\/pages\/62\/revisions\/506"}],"up":[{"embeddable":true,"href":"https:\/\/lunacasting.com\/index.php\/wp-json\/wp\/v2\/pages\/5"}],"wp:featuredmedia":[{"embeddable":true,"href":"https:\/\/lunacasting.com\/index.php\/wp-json\/wp\/v2\/media\/507"}],"wp:attachment":[{"href":"https:\/\/lunacasting.com\/index.php\/wp-json\/wp\/v2\/media?parent=62"}],"curies":[{"name":"wp","href":"https:\/\/api.w.org\/{rel}","templated":true}]}}