{"id":463,"date":"2019-02-08T20:31:07","date_gmt":"2019-02-08T17:31:07","guid":{"rendered":"http:\/\/lunacasting.com\/?page_id=463"},"modified":"2019-02-08T20:46:00","modified_gmt":"2019-02-08T17:46:00","slug":"lunavest-special-fine","status":"publish","type":"page","link":"https:\/\/lunacasting.com\/index.php\/urunler\/lunavest-special-fine\/","title":{"rendered":"LUNAVEST SPEC\u0130AL F\u0130NE"},"content":{"rendered":"<div id=\"pl-463\"  class=\"panel-layout\" ><div id=\"pg-463-0\"  class=\"panel-grid panel-has-style\" ><div class=\"panel-row-style panel-row-style-for-463-0\" ><div id=\"pgc-463-0-0\"  class=\"panel-grid-cell\" ><div id=\"panel-463-0-0-0\" class=\"so-panel widget widget_sow-editor panel-first-child panel-last-child\" data-index=\"0\" ><div\n\t\t\t\n\t\t\tclass=\"so-widget-sow-editor so-widget-sow-editor-base\"\n\t\t\t\n\t\t>\n<div class=\"siteorigin-widget-tinymce textwidget\">\n\t<p><img loading=\"lazy\" class=\"alignnone size-full wp-image-465\" src=\"http:\/\/lunacasting.com\/wp-content\/uploads\/2019\/02\/LUNAVEST-SPEC\u0130AL-F\u0130NE.jpg\" alt=\"\" width=\"2480\" height=\"2184\" srcset=\"https:\/\/lunacasting.com\/wp-content\/uploads\/2019\/02\/LUNAVEST-SPEC\u0130AL-F\u0130NE.jpg 2480w, https:\/\/lunacasting.com\/wp-content\/uploads\/2019\/02\/LUNAVEST-SPEC\u0130AL-F\u0130NE-300x264.jpg 300w, https:\/\/lunacasting.com\/wp-content\/uploads\/2019\/02\/LUNAVEST-SPEC\u0130AL-F\u0130NE-768x676.jpg 768w, https:\/\/lunacasting.com\/wp-content\/uploads\/2019\/02\/LUNAVEST-SPEC\u0130AL-F\u0130NE-1024x902.jpg 1024w\" sizes=\"(max-width: 2480px) 100vw, 2480px\" \/><\/p>\n<\/div>\n<\/div><\/div><\/div><div id=\"pgc-463-0-1\"  class=\"panel-grid-cell\" ><div id=\"panel-463-0-1-0\" class=\"so-panel widget widget_sow-editor panel-first-child panel-last-child\" data-index=\"1\" ><div\n\t\t\t\n\t\t\tclass=\"so-widget-sow-editor so-widget-sow-editor-base\"\n\t\t\t\n\t\t>\n<div class=\"siteorigin-widget-tinymce textwidget\">\n\t<p>Olu\u015fturabilecek en y\u00fcksek incelikte gren yap\u0131s\u0131 sayesinde \u00e7ekme ve \u00e7atlama problemleri unutturarak maksimum nitelikte d\u00f6k\u00fcm \u00e7\u0131kmas\u0131n\u0131 sa\u011flar.<\/p>\n<\/div>\n<\/div><\/div><\/div><\/div><\/div><\/div>","protected":false},"excerpt":{"rendered":"<p>Olu\u015fturabilecek en y\u00fcksek incelikte gren yap\u0131s\u0131 sayesinde \u00e7ekme ve \u00e7atlama problemleri unutturarak maksimum nitelikte d\u00f6k\u00fcm \u00e7\u0131kmas\u0131n\u0131 sa\u011flar.<\/p>\n","protected":false},"author":1,"featured_media":0,"parent":333,"menu_order":0,"comment_status":"closed","ping_status":"closed","template":"","meta":[],"_links":{"self":[{"href":"https:\/\/lunacasting.com\/index.php\/wp-json\/wp\/v2\/pages\/463"}],"collection":[{"href":"https:\/\/lunacasting.com\/index.php\/wp-json\/wp\/v2\/pages"}],"about":[{"href":"https:\/\/lunacasting.com\/index.php\/wp-json\/wp\/v2\/types\/page"}],"author":[{"embeddable":true,"href":"https:\/\/lunacasting.com\/index.php\/wp-json\/wp\/v2\/users\/1"}],"replies":[{"embeddable":true,"href":"https:\/\/lunacasting.com\/index.php\/wp-json\/wp\/v2\/comments?post=463"}],"version-history":[{"count":5,"href":"https:\/\/lunacasting.com\/index.php\/wp-json\/wp\/v2\/pages\/463\/revisions"}],"predecessor-version":[{"id":471,"href":"https:\/\/lunacasting.com\/index.php\/wp-json\/wp\/v2\/pages\/463\/revisions\/471"}],"up":[{"embeddable":true,"href":"https:\/\/lunacasting.com\/index.php\/wp-json\/wp\/v2\/pages\/333"}],"wp:attachment":[{"href":"https:\/\/lunacasting.com\/index.php\/wp-json\/wp\/v2\/media?parent=463"}],"curies":[{"name":"wp","href":"https:\/\/api.w.org\/{rel}","templated":true}]}}