{"id":442,"date":"2019-02-08T20:01:56","date_gmt":"2019-02-08T17:01:56","guid":{"rendered":"http:\/\/lunacasting.com\/?page_id=442"},"modified":"2019-02-08T20:03:53","modified_gmt":"2019-02-08T17:03:53","slug":"lunagel-ultrahard-acrylic-casting-system","status":"publish","type":"page","link":"https:\/\/lunacasting.com\/index.php\/urunler\/lunagel-ultrahard-acrylic-casting-system\/","title":{"rendered":"LUNAGEL ULTRAHARD ACRYLIC CASTING SYSTEM"},"content":{"rendered":"<div id=\"pl-442\"  class=\"panel-layout\" ><div id=\"pg-442-0\"  class=\"panel-grid panel-has-style\" ><div class=\"panel-row-style panel-row-style-for-442-0\" ><div id=\"pgc-442-0-0\"  class=\"panel-grid-cell\" ><div id=\"panel-442-0-0-0\" class=\"so-panel widget widget_sow-editor panel-first-child panel-last-child\" data-index=\"0\" ><div\n\t\t\t\n\t\t\tclass=\"so-widget-sow-editor so-widget-sow-editor-base\"\n\t\t\t\n\t\t>\n<div class=\"siteorigin-widget-tinymce textwidget\">\n\t<p><img loading=\"lazy\" class=\"alignnone size-full wp-image-444\" src=\"http:\/\/lunacasting.com\/wp-content\/uploads\/2019\/02\/LUNAGEL-ULTRAHARD-ACRYLIC-CASTING-SYSTEM.jpg\" alt=\"\" width=\"2480\" height=\"2184\" srcset=\"https:\/\/lunacasting.com\/wp-content\/uploads\/2019\/02\/LUNAGEL-ULTRAHARD-ACRYLIC-CASTING-SYSTEM.jpg 2480w, https:\/\/lunacasting.com\/wp-content\/uploads\/2019\/02\/LUNAGEL-ULTRAHARD-ACRYLIC-CASTING-SYSTEM-300x264.jpg 300w, https:\/\/lunacasting.com\/wp-content\/uploads\/2019\/02\/LUNAGEL-ULTRAHARD-ACRYLIC-CASTING-SYSTEM-768x676.jpg 768w, https:\/\/lunacasting.com\/wp-content\/uploads\/2019\/02\/LUNAGEL-ULTRAHARD-ACRYLIC-CASTING-SYSTEM-1024x902.jpg 1024w\" sizes=\"(max-width: 2480px) 100vw, 2480px\" \/><\/p>\n<\/div>\n<\/div><\/div><\/div><div id=\"pgc-442-0-1\"  class=\"panel-grid-cell\" ><div id=\"panel-442-0-1-0\" class=\"so-panel widget widget_sow-editor panel-first-child panel-last-child\" data-index=\"1\" ><div\n\t\t\t\n\t\t\tclass=\"so-widget-sow-editor so-widget-sow-editor-base\"\n\t\t\t\n\t\t>\n<div class=\"siteorigin-widget-tinymce textwidget\">\n\t<p>Dublikat\u0131n silikon ile sertlik derecesi artt\u0131r\u0131lm\u0131\u015ft\u0131r ve bu \u00f6zelli\u011fi sayesinde d\u00f6k\u00fcm akrilik sisteminde kullan\u0131lmaktad\u0131r.<br \/>\nHidro uyumlulu\u011fu ve \u00f6zel k\u0131vam\u0131 sayesinde en k\u00fc\u00e7\u00fck detaylar\u0131n bile hassas \u00f6l\u00e7\u00fclerini rahatl\u0131kla alabilirsiniz.<\/p>\n<\/div>\n<\/div><\/div><\/div><\/div><\/div><\/div>","protected":false},"excerpt":{"rendered":"<p>Dublikat\u0131n silikon ile sertlik derecesi artt\u0131r\u0131lm\u0131\u015ft\u0131r ve bu \u00f6zelli\u011fi sayesinde d\u00f6k\u00fcm akrilik sisteminde kullan\u0131lmaktad\u0131r. Hidro uyumlulu\u011fu ve \u00f6zel k\u0131vam\u0131 sayesinde en k\u00fc\u00e7\u00fck detaylar\u0131n bile hassas \u00f6l\u00e7\u00fclerini rahatl\u0131kla alabilirsiniz.<\/p>\n","protected":false},"author":1,"featured_media":0,"parent":333,"menu_order":0,"comment_status":"closed","ping_status":"closed","template":"","meta":[],"_links":{"self":[{"href":"https:\/\/lunacasting.com\/index.php\/wp-json\/wp\/v2\/pages\/442"}],"collection":[{"href":"https:\/\/lunacasting.com\/index.php\/wp-json\/wp\/v2\/pages"}],"about":[{"href":"https:\/\/lunacasting.com\/index.php\/wp-json\/wp\/v2\/types\/page"}],"author":[{"embeddable":true,"href":"https:\/\/lunacasting.com\/index.php\/wp-json\/wp\/v2\/users\/1"}],"replies":[{"embeddable":true,"href":"https:\/\/lunacasting.com\/index.php\/wp-json\/wp\/v2\/comments?post=442"}],"version-history":[{"count":2,"href":"https:\/\/lunacasting.com\/index.php\/wp-json\/wp\/v2\/pages\/442\/revisions"}],"predecessor-version":[{"id":445,"href":"https:\/\/lunacasting.com\/index.php\/wp-json\/wp\/v2\/pages\/442\/revisions\/445"}],"up":[{"embeddable":true,"href":"https:\/\/lunacasting.com\/index.php\/wp-json\/wp\/v2\/pages\/333"}],"wp:attachment":[{"href":"https:\/\/lunacasting.com\/index.php\/wp-json\/wp\/v2\/media?parent=442"}],"curies":[{"name":"wp","href":"https:\/\/api.w.org\/{rel}","templated":true}]}}