{"id":437,"date":"2019-02-08T19:56:17","date_gmt":"2019-02-08T16:56:17","guid":{"rendered":"http:\/\/lunacasting.com\/?page_id=437"},"modified":"2019-02-08T19:56:17","modified_gmt":"2019-02-08T16:56:17","slug":"lunagel-negativform-otoplastik","status":"publish","type":"page","link":"https:\/\/lunacasting.com\/index.php\/urunler\/lunagel-negativform-otoplastik\/","title":{"rendered":"LUNAGEL NEGAT\u0130VFORM OTOPLASTIK"},"content":{"rendered":"<div id=\"pl-437\"  class=\"panel-layout\" ><div id=\"pg-437-0\"  class=\"panel-grid panel-has-style\" ><div class=\"panel-row-style panel-row-style-for-437-0\" ><div id=\"pgc-437-0-0\"  class=\"panel-grid-cell\" ><div id=\"panel-437-0-0-0\" class=\"so-panel widget widget_sow-editor panel-first-child panel-last-child\" data-index=\"0\" ><div\n\t\t\t\n\t\t\tclass=\"so-widget-sow-editor so-widget-sow-editor-base\"\n\t\t\t\n\t\t>\n<div class=\"siteorigin-widget-tinymce textwidget\">\n\t<p><img loading=\"lazy\" class=\"alignnone size-full wp-image-438\" src=\"http:\/\/lunacasting.com\/wp-content\/uploads\/2019\/02\/LUNAGEL-NEGAT\u0130VFORM-OTOPLASTIK.jpg\" alt=\"\" width=\"2480\" height=\"2184\" srcset=\"https:\/\/lunacasting.com\/wp-content\/uploads\/2019\/02\/LUNAGEL-NEGAT\u0130VFORM-OTOPLASTIK.jpg 2480w, https:\/\/lunacasting.com\/wp-content\/uploads\/2019\/02\/LUNAGEL-NEGAT\u0130VFORM-OTOPLASTIK-300x264.jpg 300w, https:\/\/lunacasting.com\/wp-content\/uploads\/2019\/02\/LUNAGEL-NEGAT\u0130VFORM-OTOPLASTIK-768x676.jpg 768w, https:\/\/lunacasting.com\/wp-content\/uploads\/2019\/02\/LUNAGEL-NEGAT\u0130VFORM-OTOPLASTIK-1024x902.jpg 1024w\" sizes=\"(max-width: 2480px) 100vw, 2480px\" \/><\/p>\n<\/div>\n<\/div><\/div><\/div><div id=\"pgc-437-0-1\"  class=\"panel-grid-cell\" ><div id=\"panel-437-0-1-0\" class=\"so-panel widget widget_sow-editor panel-first-child panel-last-child\" data-index=\"1\" ><div\n\t\t\t\n\t\t\tclass=\"so-widget-sow-editor so-widget-sow-editor-base\"\n\t\t\t\n\t\t>\n<div class=\"siteorigin-widget-tinymce textwidget\">\n\t<p>Luna kal\u0131p materyali, bir t\u00fcr hidrokolloit kan\u0131tlanm\u0131\u015f negatif kal\u0131p materyalidir. \u015eeffaf olma \u00f6zelli\u011fi sayesinde malzeme \u0131\u015f\u0131kla sertle\u015ftirme tekni\u011fiyle i\u015flem yapmak i\u00e7in uygundur.<br \/>\nMateryal, son derece net detay ve do\u011fruluk verir. Birka\u00e7 kez tekrar kullan\u0131labilir.<\/p>\n<\/div>\n<\/div><\/div><\/div><\/div><\/div><\/div>","protected":false},"excerpt":{"rendered":"<p>Luna kal\u0131p materyali, bir t\u00fcr hidrokolloit kan\u0131tlanm\u0131\u015f negatif kal\u0131p materyalidir. \u015eeffaf olma \u00f6zelli\u011fi sayesinde malzeme \u0131\u015f\u0131kla sertle\u015ftirme tekni\u011fiyle i\u015flem yapmak i\u00e7in uygundur. Materyal, son derece net detay ve do\u011fruluk verir. Birka\u00e7 kez tekrar kullan\u0131labilir.<\/p>\n","protected":false},"author":1,"featured_media":0,"parent":333,"menu_order":0,"comment_status":"closed","ping_status":"closed","template":"","meta":[],"_links":{"self":[{"href":"https:\/\/lunacasting.com\/index.php\/wp-json\/wp\/v2\/pages\/437"}],"collection":[{"href":"https:\/\/lunacasting.com\/index.php\/wp-json\/wp\/v2\/pages"}],"about":[{"href":"https:\/\/lunacasting.com\/index.php\/wp-json\/wp\/v2\/types\/page"}],"author":[{"embeddable":true,"href":"https:\/\/lunacasting.com\/index.php\/wp-json\/wp\/v2\/users\/1"}],"replies":[{"embeddable":true,"href":"https:\/\/lunacasting.com\/index.php\/wp-json\/wp\/v2\/comments?post=437"}],"version-history":[{"count":1,"href":"https:\/\/lunacasting.com\/index.php\/wp-json\/wp\/v2\/pages\/437\/revisions"}],"predecessor-version":[{"id":439,"href":"https:\/\/lunacasting.com\/index.php\/wp-json\/wp\/v2\/pages\/437\/revisions\/439"}],"up":[{"embeddable":true,"href":"https:\/\/lunacasting.com\/index.php\/wp-json\/wp\/v2\/pages\/333"}],"wp:attachment":[{"href":"https:\/\/lunacasting.com\/index.php\/wp-json\/wp\/v2\/media?parent=437"}],"curies":[{"name":"wp","href":"https:\/\/api.w.org\/{rel}","templated":true}]}}