{"id":355,"date":"2019-02-08T17:38:28","date_gmt":"2019-02-08T14:38:28","guid":{"rendered":"http:\/\/lunacasting.com\/?page_id=355"},"modified":"2019-02-08T17:38:28","modified_gmt":"2019-02-08T14:38:28","slug":"luna-acryl-coldcure-liquid","status":"publish","type":"page","link":"https:\/\/lunacasting.com\/index.php\/urunler\/luna-acryl-coldcure-liquid\/","title":{"rendered":"LUNA ACRYL COLDCURE L\u0130QU\u0130D"},"content":{"rendered":"<div id=\"pl-355\"  class=\"panel-layout\" ><div id=\"pg-355-0\"  class=\"panel-grid panel-has-style\" ><div class=\"panel-row-style panel-row-style-for-355-0\" ><div id=\"pgc-355-0-0\"  class=\"panel-grid-cell\" ><div id=\"panel-355-0-0-0\" class=\"so-panel widget widget_sow-editor panel-first-child panel-last-child\" data-index=\"0\" ><div\n\t\t\t\n\t\t\tclass=\"so-widget-sow-editor so-widget-sow-editor-base\"\n\t\t\t\n\t\t>\n<div class=\"siteorigin-widget-tinymce textwidget\">\n\t<p><img loading=\"lazy\" class=\"alignnone wp-image-357 size-full\" src=\"http:\/\/lunacasting.com\/wp-content\/uploads\/2019\/02\/LUNA-ACRYL-COLDCURE-L\u0130QU\u0130D.jpg\" alt=\"\" width=\"800\" height=\"705\" srcset=\"https:\/\/lunacasting.com\/wp-content\/uploads\/2019\/02\/LUNA-ACRYL-COLDCURE-L\u0130QU\u0130D.jpg 800w, https:\/\/lunacasting.com\/wp-content\/uploads\/2019\/02\/LUNA-ACRYL-COLDCURE-L\u0130QU\u0130D-300x264.jpg 300w, https:\/\/lunacasting.com\/wp-content\/uploads\/2019\/02\/LUNA-ACRYL-COLDCURE-L\u0130QU\u0130D-768x677.jpg 768w\" sizes=\"(max-width: 800px) 100vw, 800px\" \/><\/p>\n<\/div>\n<\/div><\/div><\/div><div id=\"pgc-355-0-1\"  class=\"panel-grid-cell\" ><div id=\"panel-355-0-1-0\" class=\"so-panel widget widget_sow-editor panel-first-child panel-last-child\" data-index=\"1\" ><div\n\t\t\t\n\t\t\tclass=\"so-widget-sow-editor so-widget-sow-editor-base\"\n\t\t\t\n\t\t>\n<div class=\"siteorigin-widget-tinymce textwidget\">\n\t<p>Toz ve likit kar\u0131\u015ft\u0131rma i\u015flemi kuru bir cam yada porselen kapla yap\u0131lmal\u0131d\u0131r.<br \/>\nKar\u0131\u015f\u0131m i\u00e7in 24 gr toz ile 10 ml likit kullan\u0131lmal\u0131d\u0131r.<br \/>\nLikide toz ilave edilmesi bir dakika bekledikten sonra spat\u00fcl yard\u0131m\u0131yla bir dakika s\u00fcre ile kar\u0131\u015ft\u0131r\u0131lmal\u0131d\u0131r.<br \/>\nHamurla\u015fma kontrol edilmeli , ele yap\u0131\u015fma kesildikten sonra tepim yap\u0131lmal\u0131d\u0131r.<br \/>\nOda s\u0131cakl\u0131\u011f\u0131 \u015fartlar\u0131nda 10 dakikada hamurla\u015f\u0131r.<br \/>\n100 C 30 dakikada polimerle\u015fir.<br \/>\nK\u00fcrleme esnas\u0131nda yeterli bas\u0131n\u00e7 uygulanmal\u0131d\u0131r.<br \/>\n\u00c7ok y\u00fcksek s\u0131cakl\u0131klar\u0131 ve h\u0131zl\u0131 \u0131s\u0131tmadan ka\u00e7\u0131n\u0131lmal\u0131d\u0131r.<\/p>\n<\/div>\n<\/div><\/div><\/div><\/div><\/div><\/div>","protected":false},"excerpt":{"rendered":"<p>Toz ve likit kar\u0131\u015ft\u0131rma i\u015flemi kuru bir cam yada porselen kapla yap\u0131lmal\u0131d\u0131r. Kar\u0131\u015f\u0131m i\u00e7in 24 gr toz ile 10 ml likit kullan\u0131lmal\u0131d\u0131r. Likide toz ilave edilmesi bir dakika bekledikten sonra spat\u00fcl yard\u0131m\u0131yla bir dakika s\u00fcre ile kar\u0131\u015ft\u0131r\u0131lmal\u0131d\u0131r. Hamurla\u015fma kontrol edilmeli , ele yap\u0131\u015fma kesildikten sonra tepim yap\u0131lmal\u0131d\u0131r. Oda s\u0131cakl\u0131\u011f\u0131 \u015fartlar\u0131nda 10 dakikada hamurla\u015f\u0131r. 100 C&hellip;<\/p>\n","protected":false},"author":1,"featured_media":0,"parent":333,"menu_order":0,"comment_status":"closed","ping_status":"closed","template":"","meta":[],"_links":{"self":[{"href":"https:\/\/lunacasting.com\/index.php\/wp-json\/wp\/v2\/pages\/355"}],"collection":[{"href":"https:\/\/lunacasting.com\/index.php\/wp-json\/wp\/v2\/pages"}],"about":[{"href":"https:\/\/lunacasting.com\/index.php\/wp-json\/wp\/v2\/types\/page"}],"author":[{"embeddable":true,"href":"https:\/\/lunacasting.com\/index.php\/wp-json\/wp\/v2\/users\/1"}],"replies":[{"embeddable":true,"href":"https:\/\/lunacasting.com\/index.php\/wp-json\/wp\/v2\/comments?post=355"}],"version-history":[{"count":1,"href":"https:\/\/lunacasting.com\/index.php\/wp-json\/wp\/v2\/pages\/355\/revisions"}],"predecessor-version":[{"id":358,"href":"https:\/\/lunacasting.com\/index.php\/wp-json\/wp\/v2\/pages\/355\/revisions\/358"}],"up":[{"embeddable":true,"href":"https:\/\/lunacasting.com\/index.php\/wp-json\/wp\/v2\/pages\/333"}],"wp:attachment":[{"href":"https:\/\/lunacasting.com\/index.php\/wp-json\/wp\/v2\/media?parent=355"}],"curies":[{"name":"wp","href":"https:\/\/api.w.org\/{rel}","templated":true}]}}