{"id":255,"date":"2019-02-08T00:36:00","date_gmt":"2019-02-07T21:36:00","guid":{"rendered":"http:\/\/lunacasting.com\/?page_id=255"},"modified":"2019-02-12T13:26:58","modified_gmt":"2019-02-12T10:26:58","slug":"hakkimizda","status":"publish","type":"page","link":"https:\/\/lunacasting.com\/index.php\/hakkimizda\/","title":{"rendered":"Hakk\u0131m\u0131zda"},"content":{"rendered":"<div id=\"pl-255\"  class=\"panel-layout\" ><div id=\"pg-255-0\"  class=\"panel-grid panel-no-style\" ><div id=\"pgc-255-0-0\"  class=\"panel-grid-cell\" ><div id=\"panel-255-0-0-0\" class=\"so-panel widget widget_sow-editor panel-first-child panel-last-child\" data-index=\"0\" ><div\n\t\t\t\n\t\t\tclass=\"so-widget-sow-editor so-widget-sow-editor-base\"\n\t\t\t\n\t\t>\n<div class=\"siteorigin-widget-tinymce textwidget\">\n\t<p><img loading=\"lazy\" class=\"alignnone wp-image-257 size-full\" src=\"http:\/\/lunacasting.com\/wp-content\/uploads\/2019\/02\/bedir-dental-hakkimizda.png\" alt=\"\" width=\"2516\" height=\"1935\" srcset=\"https:\/\/lunacasting.com\/wp-content\/uploads\/2019\/02\/bedir-dental-hakkimizda.png 2516w, https:\/\/lunacasting.com\/wp-content\/uploads\/2019\/02\/bedir-dental-hakkimizda-300x231.png 300w, https:\/\/lunacasting.com\/wp-content\/uploads\/2019\/02\/bedir-dental-hakkimizda-768x591.png 768w, https:\/\/lunacasting.com\/wp-content\/uploads\/2019\/02\/bedir-dental-hakkimizda-1024x788.png 1024w\" sizes=\"(max-width: 2516px) 100vw, 2516px\" \/><\/p>\n<p>1973\u2032 den beri di\u015f teknisyenli\u011fi ile ilgili ekipman ve \u00fcr\u00fcnlerin imalat\u0131, sat\u0131\u015f\u0131 ve sat\u0131\u015f sonras\u0131 destek hizmetlerini y\u00fcr\u00fctmekteyiz. Firmam\u0131z; Yurti\u00e7i ve yurtd\u0131\u015f\u0131 kaynakl\u0131 geni\u015f \u00fcr\u00fcn ve hizmet se\u00e7enekleri ile di\u015f teknisyenli\u011fi sekt\u00f6r\u00fcn\u00fcn ihtiya\u00e7lar\u0131n\u0131 en \u00fcst d\u00fczeyde kar\u015f\u0131lamay\u0131 hedeflemektedir.<\/p>\n<\/div>\n<\/div><\/div><\/div><\/div><\/div>","protected":false},"excerpt":{"rendered":"<p>1973\u2032 den beri di\u015f teknisyenli\u011fi ile ilgili ekipman ve \u00fcr\u00fcnlerin imalat\u0131, sat\u0131\u015f\u0131 ve sat\u0131\u015f sonras\u0131 destek hizmetlerini y\u00fcr\u00fctmekteyiz. Firmam\u0131z; Yurti\u00e7i ve yurtd\u0131\u015f\u0131 kaynakl\u0131 geni\u015f \u00fcr\u00fcn ve hizmet se\u00e7enekleri ile di\u015f teknisyenli\u011fi sekt\u00f6r\u00fcn\u00fcn ihtiya\u00e7lar\u0131n\u0131 en \u00fcst d\u00fczeyde kar\u015f\u0131lamay\u0131 hedeflemektedir.<\/p>\n","protected":false},"author":1,"featured_media":0,"parent":0,"menu_order":0,"comment_status":"closed","ping_status":"closed","template":"","meta":[],"_links":{"self":[{"href":"https:\/\/lunacasting.com\/index.php\/wp-json\/wp\/v2\/pages\/255"}],"collection":[{"href":"https:\/\/lunacasting.com\/index.php\/wp-json\/wp\/v2\/pages"}],"about":[{"href":"https:\/\/lunacasting.com\/index.php\/wp-json\/wp\/v2\/types\/page"}],"author":[{"embeddable":true,"href":"https:\/\/lunacasting.com\/index.php\/wp-json\/wp\/v2\/users\/1"}],"replies":[{"embeddable":true,"href":"https:\/\/lunacasting.com\/index.php\/wp-json\/wp\/v2\/comments?post=255"}],"version-history":[{"count":3,"href":"https:\/\/lunacasting.com\/index.php\/wp-json\/wp\/v2\/pages\/255\/revisions"}],"predecessor-version":[{"id":553,"href":"https:\/\/lunacasting.com\/index.php\/wp-json\/wp\/v2\/pages\/255\/revisions\/553"}],"wp:attachment":[{"href":"https:\/\/lunacasting.com\/index.php\/wp-json\/wp\/v2\/media?parent=255"}],"curies":[{"name":"wp","href":"https:\/\/api.w.org\/{rel}","templated":true}]}}