{"id":333,"date":"2019-02-08T16:48:03","date_gmt":"2019-02-08T13:48:03","guid":{"rendered":"http:\/\/lunacasting.com\/en\/?page_id=333"},"modified":"2019-02-19T19:39:34","modified_gmt":"2019-02-19T16:39:34","slug":"product","status":"publish","type":"page","link":"https:\/\/lunacasting.com\/en\/index.php\/product\/","title":{"rendered":"Product"},"content":{"rendered":"<div id=\"pl-333\"  class=\"panel-layout\" ><div id=\"pg-333-0\"  class=\"panel-grid panel-has-style\" ><div class=\"panel-row-style panel-row-style-for-333-0\" ><div id=\"pgc-333-0-0\"  class=\"panel-grid-cell\" ><div id=\"panel-333-0-0-0\" class=\"so-panel widget widget_sow-editor panel-first-child panel-last-child\" data-index=\"0\" ><div\n\t\t\t\n\t\t\tclass=\"so-widget-sow-editor so-widget-sow-editor-base\"\n\t\t\t\n\t\t>\n<div class=\"siteorigin-widget-tinymce textwidget\">\n\t<\/div>\n<\/div><\/div><\/div><\/div><\/div><div id=\"pg-333-1\"  class=\"panel-grid panel-has-style\" ><div class=\"panel-row-style panel-row-style-for-333-1\" ><div id=\"pgc-333-1-0\"  class=\"panel-grid-cell\" ><div id=\"panel-333-1-0-0\" class=\"so-panel widget widget_sow-editor panel-first-child panel-last-child\" data-index=\"1\" ><div\n\t\t\t\n\t\t\tclass=\"so-widget-sow-editor so-widget-sow-editor-base\"\n\t\t\t\n\t\t>\n<div class=\"siteorigin-widget-tinymce textwidget\">\n\t<p style=\"text-align: center;\"><a href=\"http:\/\/lunacasting.com\/en\/index.php\/urunler\/lunagel-2\/\"><img loading=\"lazy\" class=\"alignnone wp-image-337 size-medium\" src=\"http:\/\/lunacasting.com\/en\/wp-content\/uploads\/2019\/02\/LUJNAGEL-300x264.png\" alt=\"\" width=\"300\" height=\"264\" srcset=\"https:\/\/lunacasting.com\/en\/wp-content\/uploads\/2019\/02\/LUJNAGEL-300x264.png 300w, https:\/\/lunacasting.com\/en\/wp-content\/uploads\/2019\/02\/LUJNAGEL-768x676.png 768w, https:\/\/lunacasting.com\/en\/wp-content\/uploads\/2019\/02\/LUJNAGEL-1024x902.png 1024w\" sizes=\"(max-width: 300px) 100vw, 300px\" \/><\/a><\/p>\n<p style=\"text-align: center;\"><a href=\"http:\/\/lunacasting.com\/en\/index.php\/urunler\/lunagel-2\/\">LUNAGEL<\/a><\/p>\n<p style=\"text-align: center;\"><a href=\"http:\/\/lunacasting.com\/en\/index.php\/urunler\/lunagel-2\/\"><img loading=\"lazy\" class=\"alignnone wp-image-338 size-full\" src=\"http:\/\/lunacasting.com\/en\/wp-content\/uploads\/2019\/02\/incele.png\" alt=\"\" width=\"194\" height=\"51\"><\/a><\/p>\n<\/div>\n<\/div><\/div><\/div><div id=\"pgc-333-1-1\"  class=\"panel-grid-cell\" ><div id=\"panel-333-1-1-0\" class=\"so-panel widget widget_sow-editor panel-first-child panel-last-child\" data-index=\"2\" ><div\n\t\t\t\n\t\t\tclass=\"so-widget-sow-editor so-widget-sow-editor-base\"\n\t\t\t\n\t\t>\n<div class=\"siteorigin-widget-tinymce textwidget\">\n\t<p style=\"text-align: center;\"><a href=\"http:\/\/lunacasting.com\/en\/index.php\/urunler\/luna-acryl-coldcure-liquid\/\"><img loading=\"lazy\" class=\"alignnone wp-image-360 size-full\" src=\"http:\/\/lunacasting.com\/en\/wp-content\/uploads\/2019\/02\/LUNA-ACRYL-COLDCURE-L\u0130QU\u0130D-k.png\" alt=\"\" width=\"300\" height=\"264\"><\/a><\/p>\n<p style=\"text-align: center;\"><a href=\"http:\/\/lunacasting.com\/en\/index.php\/urunler\/luna-acryl-coldcure-liquid\/\">LUNA ACRYL COLDCURE L\u0130QU\u0130D<\/a><\/p>\n<p style=\"text-align: center;\"><a href=\"http:\/\/lunacasting.com\/en\/index.php\/urunler\/luna-acryl-coldcure-liquid\/\"><img loading=\"lazy\" class=\"alignnone wp-image-338 size-full\" src=\"http:\/\/lunacasting.com\/en\/wp-content\/uploads\/2019\/02\/incele.png\" alt=\"\" width=\"194\" height=\"51\"><\/a><\/p>\n<\/div>\n<\/div><\/div><\/div><div id=\"pgc-333-1-2\"  class=\"panel-grid-cell\" ><div id=\"panel-333-1-2-0\" class=\"so-panel widget widget_sow-editor panel-first-child panel-last-child\" data-index=\"3\" ><div\n\t\t\t\n\t\t\tclass=\"so-widget-sow-editor so-widget-sow-editor-base\"\n\t\t\t\n\t\t>\n<div class=\"siteorigin-widget-tinymce textwidget\">\n\t<p style=\"text-align: center;\"><a href=\"http:\/\/lunacasting.com\/en\/index.php\/urunler\/luna-acryl-heatcure-liquid\/\"><img loading=\"lazy\" class=\"alignnone wp-image-370 size-full\" src=\"http:\/\/lunacasting.com\/en\/wp-content\/uploads\/2019\/02\/LUNA-ACRYL-HEATCURE-L\u0130QU\u0130D-1.jpg\" alt=\"\" width=\"300\" height=\"264\"><\/a><\/p>\n<p style=\"text-align: center;\"><a href=\"http:\/\/lunacasting.com\/en\/index.php\/urunler\/luna-acryl-heatcure-liquid\/\">LUNA ACRYL HEATCURE L\u0130QU\u0130D<\/a><\/p>\n<p style=\"text-align: center;\"><a href=\"http:\/\/lunacasting.com\/en\/index.php\/urunler\/luna-acryl-heatcure-liquid\/\"><img loading=\"lazy\" class=\"alignnone wp-image-338 size-full\" src=\"http:\/\/lunacasting.com\/en\/wp-content\/uploads\/2019\/02\/incele.png\" alt=\"\" width=\"194\" height=\"51\"><\/a><\/p>\n<\/div>\n<\/div><\/div><\/div><\/div><\/div><div id=\"pg-333-2\"  class=\"panel-grid panel-has-style\" ><div class=\"panel-row-style panel-row-style-for-333-2\" ><div id=\"pgc-333-2-0\"  class=\"panel-grid-cell\" ><div id=\"panel-333-2-0-0\" class=\"so-panel widget widget_sow-editor panel-first-child panel-last-child\" data-index=\"4\" ><div\n\t\t\t\n\t\t\tclass=\"so-widget-sow-editor so-widget-sow-editor-base\"\n\t\t\t\n\t\t>\n<div class=\"siteorigin-widget-tinymce textwidget\">\n\t<p style=\"text-align: center;\"><a href=\"http:\/\/lunacasting.com\/en\/index.php\/urunler\/luna-acryl-heatcure\/\"><img loading=\"lazy\" class=\"alignnone wp-image-377 size-full\" src=\"http:\/\/lunacasting.com\/en\/wp-content\/uploads\/2019\/02\/LUNA-ACRYL-HEATCURE-k.jpg\" alt=\"\" width=\"300\" height=\"264\"><\/a><\/p>\n<p style=\"text-align: center;\"><a href=\"http:\/\/lunacasting.com\/en\/index.php\/urunler\/luna-acryl-heatcure\/\">LUNA ACRYL HEATCURE<\/a><\/p>\n<p style=\"text-align: center;\"><a href=\"http:\/\/lunacasting.com\/en\/index.php\/urunler\/luna-acryl-heatcure\/\"><img loading=\"lazy\" class=\"alignnone wp-image-338 size-full\" src=\"http:\/\/lunacasting.com\/en\/wp-content\/uploads\/2019\/02\/incele.png\" alt=\"\" width=\"194\" height=\"51\"><\/a><\/p>\n<\/div>\n<\/div><\/div><\/div><div id=\"pgc-333-2-1\"  class=\"panel-grid-cell\" ><div id=\"panel-333-2-1-0\" class=\"so-panel widget widget_sow-editor panel-first-child panel-last-child\" data-index=\"5\" ><div\n\t\t\t\n\t\t\tclass=\"so-widget-sow-editor so-widget-sow-editor-base\"\n\t\t\t\n\t\t>\n<div class=\"siteorigin-widget-tinymce textwidget\">\n\t<p style=\"text-align: center;\"><a href=\"http:\/\/lunacasting.com\/en\/index.php\/urunler\/luna-acryl-rapid-repair-coldcure\/\"><img loading=\"lazy\" class=\"alignnone wp-image-388 size-full\" src=\"http:\/\/lunacasting.com\/en\/wp-content\/uploads\/2019\/02\/LUNA-ACRYL-RAP\u0130D-REPA\u0130R-COLDCURE-k.jpg\" alt=\"\" width=\"300\" height=\"264\"><\/a><\/p>\n<p style=\"text-align: center;\"><a href=\"http:\/\/lunacasting.com\/en\/index.php\/urunler\/luna-acryl-rapid-repair-coldcure\/\">LUNA ACRYL RAP\u0130D REPA\u0130R COLDCURE<\/a><\/p>\n<p><a href=\"http:\/\/lunacasting.com\/en\/index.php\/urunler\/luna-acryl-rapid-repair-coldcure\/\"><img loading=\"lazy\" class=\"aligncenter wp-image-338 size-full\" src=\"http:\/\/lunacasting.com\/en\/wp-content\/uploads\/2019\/02\/incele.png\" alt=\"\" width=\"194\" height=\"51\"><\/a><\/p>\n<\/div>\n<\/div><\/div><\/div><div id=\"pgc-333-2-2\"  class=\"panel-grid-cell\" ><div id=\"panel-333-2-2-0\" class=\"so-panel widget widget_sow-editor panel-first-child panel-last-child\" data-index=\"6\" ><div\n\t\t\t\n\t\t\tclass=\"so-widget-sow-editor so-widget-sow-editor-base\"\n\t\t\t\n\t\t>\n<div class=\"siteorigin-widget-tinymce textwidget\">\n\t<p><a href=\"http:\/\/lunacasting.com\/en\/index.php\/urunler\/luna-acryl-press\/\"><img loading=\"lazy\" class=\"aligncenter wp-image-393 size-full\" src=\"http:\/\/lunacasting.com\/en\/wp-content\/uploads\/2019\/02\/LUNA-ACRYL-PRESS-k.jpg\" alt=\"\" width=\"300\" height=\"264\"><\/a><\/p>\n<p style=\"text-align: center;\">LUNA ACRYL PRESS<\/p>\n<p><a href=\"http:\/\/lunacasting.com\/en\/index.php\/urunler\/luna-acryl-press\/\"><img loading=\"lazy\" class=\"aligncenter wp-image-338 size-full\" src=\"http:\/\/lunacasting.com\/en\/wp-content\/uploads\/2019\/02\/incele.png\" alt=\"\" width=\"194\" height=\"51\"><\/a><\/p>\n<\/div>\n<\/div><\/div><\/div><\/div><\/div><div id=\"pg-333-3\"  class=\"panel-grid panel-has-style\" ><div class=\"panel-row-style panel-row-style-for-333-3\" ><div id=\"pgc-333-3-0\"  class=\"panel-grid-cell\" ><div id=\"panel-333-3-0-0\" class=\"so-panel widget widget_sow-editor panel-first-child panel-last-child\" data-index=\"7\" ><div\n\t\t\t\n\t\t\tclass=\"so-widget-sow-editor so-widget-sow-editor-base\"\n\t\t\t\n\t\t>\n<div class=\"siteorigin-widget-tinymce textwidget\">\n\t<p><a href=\"http:\/\/lunacasting.com\/en\/index.php\/urunler\/luna-acryl-temporary-crown-and-bridge\/\"><img loading=\"lazy\" class=\"aligncenter wp-image-398 size-full\" src=\"http:\/\/lunacasting.com\/en\/wp-content\/uploads\/2019\/02\/LUNA-ACRYL-TEMPORARY-CROWN-AND-BR\u0130DGE-k.jpg\" alt=\"\" width=\"300\" height=\"264\"><\/a><\/p>\n<p style=\"text-align: center;\"><a href=\"http:\/\/lunacasting.com\/en\/index.php\/urunler\/luna-acryl-temporary-crown-and-bridge\/\">LUNA ACRYL TEMPORARY CROWN AND BR\u0130DGE<\/a><\/p>\n<p style=\"text-align: center;\"><a href=\"http:\/\/lunacasting.com\/en\/index.php\/urunler\/luna-acryl-temporary-crown-and-bridge\/\"><img loading=\"lazy\" class=\"alignnone wp-image-338 size-full\" src=\"http:\/\/lunacasting.com\/en\/wp-content\/uploads\/2019\/02\/incele.png\" alt=\"\" width=\"194\" height=\"51\"><\/a><\/p>\n<\/div>\n<\/div><\/div><\/div><div id=\"pgc-333-3-1\"  class=\"panel-grid-cell\" ><div id=\"panel-333-3-1-0\" class=\"so-panel widget widget_sow-editor panel-first-child panel-last-child\" data-index=\"8\" ><div\n\t\t\t\n\t\t\tclass=\"so-widget-sow-editor so-widget-sow-editor-base\"\n\t\t\t\n\t\t>\n<div class=\"siteorigin-widget-tinymce textwidget\">\n\t<p><a href=\"http:\/\/lunacasting.com\/en\/index.php\/urunler\/luna-glaze-liquid\/\"><img loading=\"lazy\" class=\"aligncenter wp-image-404 size-full\" src=\"http:\/\/lunacasting.com\/en\/wp-content\/uploads\/2019\/02\/LUNA-GLAZE-L\u0130QU\u0130D-k.jpg\" alt=\"\" width=\"300\" height=\"264\"><\/a><\/p>\n<p style=\"text-align: center;\"><a href=\"http:\/\/lunacasting.com\/en\/index.php\/urunler\/luna-glaze-liquid\/\">LUNA GLAZE L\u0130QU\u0130D<\/a><\/p>\n<p style=\"text-align: center;\"><a href=\"http:\/\/lunacasting.com\/en\/index.php\/urunler\/luna-glaze-liquid\/\"><img loading=\"lazy\" class=\"alignnone size-full wp-image-338\" src=\"http:\/\/lunacasting.com\/en\/wp-content\/uploads\/2019\/02\/incele.png\" alt=\"\" width=\"194\" height=\"51\"><\/a><\/p>\n<\/div>\n<\/div><\/div><\/div><div id=\"pgc-333-3-2\"  class=\"panel-grid-cell\" ><div id=\"panel-333-3-2-0\" class=\"so-panel widget widget_sow-editor panel-first-child panel-last-child\" data-index=\"9\" ><div\n\t\t\t\n\t\t\tclass=\"so-widget-sow-editor so-widget-sow-editor-base\"\n\t\t\t\n\t\t>\n<div class=\"siteorigin-widget-tinymce textwidget\">\n\t<p><a href=\"http:\/\/lunacasting.com\/en\/index.php\/urunler\/luna-modelling-porcelain-liquid\/\"><img loading=\"lazy\" class=\"aligncenter wp-image-409 size-full\" src=\"http:\/\/lunacasting.com\/en\/wp-content\/uploads\/2019\/02\/LUNA-MODELLING-PORCELAIN-L\u0130QU\u0130D-k.jpg\" alt=\"\" width=\"300\" height=\"264\"><\/a><\/p>\n<p style=\"text-align: center;\"><a href=\"http:\/\/lunacasting.com\/en\/index.php\/urunler\/luna-modelling-porcelain-liquid\/\">LUNA MODELLING &amp; PORCELAIN L\u0130QU\u0130D<\/a><\/p>\n<p><a href=\"http:\/\/lunacasting.com\/en\/index.php\/urunler\/luna-modelling-porcelain-liquid\/\"><img loading=\"lazy\" class=\"aligncenter wp-image-338 size-full\" src=\"http:\/\/lunacasting.com\/en\/wp-content\/uploads\/2019\/02\/incele.png\" alt=\"\" width=\"194\" height=\"51\"><\/a><\/p>\n<\/div>\n<\/div><\/div><\/div><\/div><\/div><div id=\"pg-333-4\"  class=\"panel-grid panel-has-style\" ><div class=\"panel-row-style panel-row-style-for-333-4\" ><div id=\"pgc-333-4-0\"  class=\"panel-grid-cell\" ><div id=\"panel-333-4-0-0\" class=\"so-panel widget widget_sow-editor panel-first-child panel-last-child\" data-index=\"10\" ><div\n\t\t\t\n\t\t\tclass=\"so-widget-sow-editor so-widget-sow-editor-base\"\n\t\t\t\n\t\t>\n<div class=\"siteorigin-widget-tinymce textwidget\">\n\t<p><a href=\"http:\/\/lunacasting.com\/en\/index.php\/urunler\/luna-opaque-liquid\/\"><img loading=\"lazy\" class=\"aligncenter wp-image-416 size-full\" src=\"http:\/\/lunacasting.com\/en\/wp-content\/uploads\/2019\/02\/LUNA-OPAQUE-L\u0130QU\u0130D-k.jpg\" alt=\"\" width=\"300\" height=\"264\"><\/a><\/p>\n<p style=\"text-align: center;\"><a href=\"http:\/\/lunacasting.com\/en\/index.php\/urunler\/luna-opaque-liquid\/\">LUNA OPAQUE L\u0130QU\u0130D<\/a><\/p>\n<p style=\"text-align: center;\"><a href=\"http:\/\/lunacasting.com\/en\/index.php\/urunler\/luna-opaque-liquid\/\"><img loading=\"lazy\" class=\"alignnone wp-image-338 size-full\" src=\"http:\/\/lunacasting.com\/en\/wp-content\/uploads\/2019\/02\/incele.png\" alt=\"\" width=\"194\" height=\"51\"><\/a><\/p>\n<\/div>\n<\/div><\/div><\/div><div id=\"pgc-333-4-1\"  class=\"panel-grid-cell\" ><div id=\"panel-333-4-1-0\" class=\"so-panel widget widget_sow-editor panel-first-child panel-last-child\" data-index=\"11\" ><div\n\t\t\t\n\t\t\tclass=\"so-widget-sow-editor so-widget-sow-editor-base\"\n\t\t\t\n\t\t>\n<div class=\"siteorigin-widget-tinymce textwidget\">\n\t<p><a href=\"http:\/\/lunacasting.com\/en\/index.php\/product\/luna-wax-sprey\/\"><img loading=\"lazy\" class=\"aligncenter wp-image-421 size-full\" src=\"http:\/\/lunacasting.com\/en\/wp-content\/uploads\/2019\/02\/LUNA-WAX-SPREY-k.jpg\" alt=\"\" width=\"300\" height=\"264\" \/><\/a><\/p>\n<p style=\"text-align: center;\"><a href=\"http:\/\/lunacasting.com\/en\/index.php\/product\/luna-wax-sprey\/\">LUNA WAX SPREY<\/a><\/p>\n<p style=\"text-align: center;\"><a href=\"http:\/\/lunacasting.com\/en\/index.php\/product\/luna-wax-sprey\/\"><img loading=\"lazy\" class=\"alignnone wp-image-338 size-full\" src=\"http:\/\/lunacasting.com\/en\/wp-content\/uploads\/2019\/02\/incele.png\" alt=\"\" width=\"194\" height=\"51\" \/><\/a><\/p>\n<\/div>\n<\/div><\/div><\/div><div id=\"pgc-333-4-2\"  class=\"panel-grid-cell\" ><div id=\"panel-333-4-2-0\" class=\"so-panel widget widget_sow-editor panel-first-child panel-last-child\" data-index=\"12\" ><div\n\t\t\t\n\t\t\tclass=\"so-widget-sow-editor so-widget-sow-editor-base\"\n\t\t\t\n\t\t>\n<div class=\"siteorigin-widget-tinymce textwidget\">\n\t<p><a href=\"http:\/\/lunacasting.com\/en\/index.php\/urunler\/luna-wax\/\"><img loading=\"lazy\" class=\"aligncenter wp-image-427 size-full\" src=\"http:\/\/lunacasting.com\/en\/wp-content\/uploads\/2019\/02\/LUNA-WAX-k.jpg\" alt=\"\" width=\"300\" height=\"264\"><\/a><\/p>\n<p style=\"text-align: center;\"><a href=\"http:\/\/lunacasting.com\/en\/index.php\/urunler\/luna-wax\/\">LUNA WAX<\/a><\/p>\n<p style=\"text-align: center;\"><a href=\"http:\/\/lunacasting.com\/en\/index.php\/urunler\/luna-wax\/\"><img loading=\"lazy\" class=\"alignnone wp-image-338 size-full\" src=\"http:\/\/lunacasting.com\/en\/wp-content\/uploads\/2019\/02\/incele.png\" alt=\"\" width=\"194\" height=\"51\"><\/a><\/p>\n<\/div>\n<\/div><\/div><\/div><\/div><\/div><div id=\"pg-333-5\"  class=\"panel-grid panel-has-style\" ><div class=\"panel-row-style panel-row-style-for-333-5\" ><div id=\"pgc-333-5-0\"  class=\"panel-grid-cell\" ><div id=\"panel-333-5-0-0\" class=\"so-panel widget widget_sow-editor panel-first-child panel-last-child\" data-index=\"13\" ><div\n\t\t\t\n\t\t\tclass=\"so-widget-sow-editor so-widget-sow-editor-base\"\n\t\t\t\n\t\t>\n<div class=\"siteorigin-widget-tinymce textwidget\">\n\t<p><a href=\"http:\/\/lunacasting.com\/en\/index.php\/urunler\/lunacast\/\"><img loading=\"lazy\" class=\"aligncenter wp-image-434 size-full\" src=\"http:\/\/lunacasting.com\/en\/wp-content\/uploads\/2019\/02\/LUNACAST-k.jpg\" alt=\"\" width=\"300\" height=\"264\"><\/a><\/p>\n<p style=\"text-align: center;\"><a href=\"http:\/\/lunacasting.com\/en\/index.php\/urunler\/lunacast\/\">LUNACAST<\/a><\/p>\n<p style=\"text-align: center;\"><a href=\"http:\/\/lunacasting.com\/en\/index.php\/urunler\/lunacast\/\"><img loading=\"lazy\" class=\"alignnone wp-image-338 size-full\" src=\"http:\/\/lunacasting.com\/en\/wp-content\/uploads\/2019\/02\/incele.png\" alt=\"\" width=\"194\" height=\"51\"><\/a><\/p>\n<\/div>\n<\/div><\/div><\/div><div id=\"pgc-333-5-1\"  class=\"panel-grid-cell\" ><div id=\"panel-333-5-1-0\" class=\"so-panel widget widget_sow-editor panel-first-child panel-last-child\" data-index=\"14\" ><div\n\t\t\t\n\t\t\tclass=\"so-widget-sow-editor so-widget-sow-editor-base\"\n\t\t\t\n\t\t>\n<div class=\"siteorigin-widget-tinymce textwidget\">\n\t<p><a href=\"http:\/\/lunacasting.com\/en\/index.php\/product\/lunagel-negativform-otoplastik\/\"><img loading=\"lazy\" class=\"aligncenter wp-image-440 size-full\" src=\"http:\/\/lunacasting.com\/en\/wp-content\/uploads\/2019\/02\/LUNAGEL-NEGAT\u0130VFORM-OTOPLASTIK-k.jpg\" alt=\"\" width=\"300\" height=\"264\" \/><\/a><\/p>\n<p style=\"text-align: center;\"><a href=\"http:\/\/lunacasting.com\/en\/index.php\/product\/lunagel-negativform-otoplastik\/\">LUNAGEL NEGAT\u0130VFORM OTOPLASTIK<\/a><\/p>\n<p style=\"text-align: center;\"><a href=\"http:\/\/lunacasting.com\/en\/index.php\/product\/lunagel-negativform-otoplastik\/\"><img loading=\"lazy\" class=\"alignnone wp-image-338 size-full\" src=\"http:\/\/lunacasting.com\/en\/wp-content\/uploads\/2019\/02\/incele.png\" alt=\"\" width=\"194\" height=\"51\" \/><\/a><\/p>\n<\/div>\n<\/div><\/div><\/div><div id=\"pgc-333-5-2\"  class=\"panel-grid-cell\" ><div id=\"panel-333-5-2-0\" class=\"so-panel widget widget_sow-editor panel-first-child panel-last-child\" data-index=\"15\" ><div\n\t\t\t\n\t\t\tclass=\"so-widget-sow-editor so-widget-sow-editor-base\"\n\t\t\t\n\t\t>\n<div class=\"siteorigin-widget-tinymce textwidget\">\n\t<p><a href=\"http:\/\/lunacasting.com\/en\/index.php\/urunler\/lunagel-ultrahard-acrylic-casting-system\/\"><img loading=\"lazy\" class=\"aligncenter wp-image-446 size-full\" src=\"http:\/\/lunacasting.com\/en\/wp-content\/uploads\/2019\/02\/LUNAGEL-ULTRAHARD-ACRYLIC-CASTING-SYSTEM-k.jpg\" alt=\"\" width=\"300\" height=\"264\"><\/a><\/p>\n<p style=\"text-align: center;\"><a href=\"http:\/\/lunacasting.com\/en\/index.php\/urunler\/lunagel-ultrahard-acrylic-casting-system\/\">LUNAGEL ULTRAHARD ACRYLIC CASTING SYSTEM<\/a><\/p>\n<p><a href=\"http:\/\/lunacasting.com\/en\/index.php\/urunler\/lunagel-ultrahard-acrylic-casting-system\/\"><img loading=\"lazy\" class=\"aligncenter wp-image-338 size-full\" src=\"http:\/\/lunacasting.com\/en\/wp-content\/uploads\/2019\/02\/incele.png\" alt=\"\" width=\"194\" height=\"51\"><\/a><\/p>\n<\/div>\n<\/div><\/div><\/div><\/div><\/div><div id=\"pg-333-6\"  class=\"panel-grid panel-has-style\" ><div class=\"panel-row-style panel-row-style-for-333-6\" ><div id=\"pgc-333-6-0\"  class=\"panel-grid-cell\" ><div id=\"panel-333-6-0-0\" class=\"so-panel widget widget_sow-editor panel-first-child panel-last-child\" data-index=\"16\" ><div\n\t\t\t\n\t\t\tclass=\"so-widget-sow-editor so-widget-sow-editor-base\"\n\t\t\t\n\t\t>\n<div class=\"siteorigin-widget-tinymce textwidget\">\n\t<p><a href=\"http:\/\/lunacasting.com\/en\/index.php\/urunler\/lunalyt\/\"><img loading=\"lazy\" class=\"aligncenter wp-image-451 size-full\" src=\"http:\/\/lunacasting.com\/en\/wp-content\/uploads\/2019\/02\/LUNALYT-k.jpg\" alt=\"\" width=\"300\" height=\"264\"><\/a><\/p>\n<p style=\"text-align: center;\"><a href=\"http:\/\/lunacasting.com\/en\/index.php\/urunler\/lunalyt\/\">LUNALYT<\/a><\/p>\n<p><a href=\"http:\/\/lunacasting.com\/en\/index.php\/urunler\/lunalyt\/\"><img loading=\"lazy\" class=\"aligncenter wp-image-338 size-full\" src=\"http:\/\/lunacasting.com\/en\/wp-content\/uploads\/2019\/02\/incele.png\" alt=\"\" width=\"194\" height=\"51\"><\/a><\/p>\n<\/div>\n<\/div><\/div><\/div><div id=\"pgc-333-6-1\"  class=\"panel-grid-cell\" ><div id=\"panel-333-6-1-0\" class=\"so-panel widget widget_sow-editor panel-first-child panel-last-child\" data-index=\"17\" ><div\n\t\t\t\n\t\t\tclass=\"so-widget-sow-editor so-widget-sow-editor-base\"\n\t\t\t\n\t\t>\n<div class=\"siteorigin-widget-tinymce textwidget\">\n\t<p><a href=\"http:\/\/lunacasting.com\/en\/index.php\/urunler\/lunaresin\/\"><img loading=\"lazy\" class=\"aligncenter wp-image-456 size-full\" src=\"http:\/\/lunacasting.com\/en\/wp-content\/uploads\/2019\/02\/LUNARES\u0130N-k.jpg\" alt=\"\" width=\"300\" height=\"264\"><\/a><\/p>\n<p style=\"text-align: center;\"><a href=\"http:\/\/lunacasting.com\/en\/index.php\/urunler\/lunaresin\/\">LUNARES\u0130N<\/a><\/p>\n<p><a href=\"http:\/\/lunacasting.com\/en\/index.php\/urunler\/lunaresin\/\"><img loading=\"lazy\" class=\"aligncenter wp-image-338 size-full\" src=\"http:\/\/lunacasting.com\/en\/wp-content\/uploads\/2019\/02\/incele.png\" alt=\"\" width=\"194\" height=\"51\"><\/a><\/p>\n<\/div>\n<\/div><\/div><\/div><div id=\"pgc-333-6-2\"  class=\"panel-grid-cell\" ><div id=\"panel-333-6-2-0\" class=\"so-panel widget widget_sow-editor panel-first-child panel-last-child\" data-index=\"18\" ><div\n\t\t\t\n\t\t\tclass=\"so-widget-sow-editor so-widget-sow-editor-base\"\n\t\t\t\n\t\t>\n<div class=\"siteorigin-widget-tinymce textwidget\">\n\t<p><a href=\"http:\/\/lunacasting.com\/en\/index.php\/urunler\/lunasol\/\"><img loading=\"lazy\" class=\"aligncenter wp-image-461 size-full\" src=\"http:\/\/lunacasting.com\/en\/wp-content\/uploads\/2019\/02\/LUNASOL-k.jpg\" alt=\"\" width=\"300\" height=\"264\"><\/a><\/p>\n<p style=\"text-align: center;\"><a href=\"http:\/\/lunacasting.com\/en\/index.php\/urunler\/lunasol\/\">LUNASOL<\/a><\/p>\n<p><a href=\"http:\/\/lunacasting.com\/en\/index.php\/urunler\/lunasol\/\"><img loading=\"lazy\" class=\"aligncenter wp-image-338 size-full\" src=\"http:\/\/lunacasting.com\/en\/wp-content\/uploads\/2019\/02\/incele.png\" alt=\"\" width=\"194\" height=\"51\"><\/a><\/p>\n<\/div>\n<\/div><\/div><\/div><\/div><\/div><div id=\"pg-333-7\"  class=\"panel-grid panel-has-style\" ><div class=\"panel-row-style panel-row-style-for-333-7\" ><div id=\"pgc-333-7-0\"  class=\"panel-grid-cell\" ><div id=\"panel-333-7-0-0\" class=\"so-panel widget widget_sow-editor panel-first-child panel-last-child\" data-index=\"19\" ><div\n\t\t\t\n\t\t\tclass=\"so-widget-sow-editor so-widget-sow-editor-base\"\n\t\t\t\n\t\t>\n<div class=\"siteorigin-widget-tinymce textwidget\">\n\t<p><a href=\"http:\/\/lunacasting.com\/en\/index.php\/urunler\/lunavest-special-fine\/\"><img loading=\"lazy\" class=\"aligncenter wp-image-467 size-full\" src=\"http:\/\/lunacasting.com\/en\/wp-content\/uploads\/2019\/02\/LUNAVEST-SPEC\u0130AL-F\u0130NE-k.jpg\" alt=\"\" width=\"300\" height=\"264\"><\/a><\/p>\n<p style=\"text-align: center;\"><a href=\"http:\/\/lunacasting.com\/en\/index.php\/urunler\/lunavest-special-fine\/\">LUNAVEST SPEC\u0130AL F\u0130NE<\/a><\/p>\n<p><a href=\"http:\/\/lunacasting.com\/en\/index.php\/urunler\/lunavest-special-fine\/\"><img loading=\"lazy\" class=\"aligncenter wp-image-338 size-full\" src=\"http:\/\/lunacasting.com\/en\/wp-content\/uploads\/2019\/02\/incele.png\" alt=\"\" width=\"194\" height=\"51\"><\/a><\/p>\n<\/div>\n<\/div><\/div><\/div><div id=\"pgc-333-7-1\"  class=\"panel-grid-cell panel-grid-cell-empty panel-grid-cell-mobile-last\" ><\/div><div id=\"pgc-333-7-2\"  class=\"panel-grid-cell panel-grid-cell-empty\" ><\/div><\/div><\/div><\/div>","protected":false},"excerpt":{"rendered":"<p>LUNAGEL LUNA ACRYL COLDCURE L\u0130QU\u0130D LUNA ACRYL HEATCURE L\u0130QU\u0130D<\/p>\n","protected":false},"author":1,"featured_media":0,"parent":0,"menu_order":0,"comment_status":"closed","ping_status":"closed","template":"","meta":[],"_links":{"self":[{"href":"https:\/\/lunacasting.com\/en\/index.php\/wp-json\/wp\/v2\/pages\/333"}],"collection":[{"href":"https:\/\/lunacasting.com\/en\/index.php\/wp-json\/wp\/v2\/pages"}],"about":[{"href":"https:\/\/lunacasting.com\/en\/index.php\/wp-json\/wp\/v2\/types\/page"}],"author":[{"embeddable":true,"href":"https:\/\/lunacasting.com\/en\/index.php\/wp-json\/wp\/v2\/users\/1"}],"replies":[{"embeddable":true,"href":"https:\/\/lunacasting.com\/en\/index.php\/wp-json\/wp\/v2\/comments?post=333"}],"version-history":[{"count":48,"href":"https:\/\/lunacasting.com\/en\/index.php\/wp-json\/wp\/v2\/pages\/333\/revisions"}],"predecessor-version":[{"id":663,"href":"https:\/\/lunacasting.com\/en\/index.php\/wp-json\/wp\/v2\/pages\/333\/revisions\/663"}],"wp:attachment":[{"href":"https:\/\/lunacasting.com\/en\/index.php\/wp-json\/wp\/v2\/media?parent=333"}],"curies":[{"name":"wp","href":"https:\/\/api.w.org\/{rel}","templated":true}]}}