{"id":62,"date":"2017-08-12T18:40:36","date_gmt":"2017-08-12T15:40:36","guid":{"rendered":"http:\/\/demo.acmethemes.com\/medical-circle\/?page_id=62"},"modified":"2019-02-19T19:44:01","modified_gmt":"2019-02-19T16:44:01","slug":"luna-wax-sprey","status":"publish","type":"page","link":"https:\/\/lunacasting.com\/de\/index.php\/haus\/luna-wax-sprey\/","title":{"rendered":"LUNA WAX SPREY"},"content":{"rendered":"<p>Silikon- und Wachsentspannungsmittel, besonders f\u00fcr Dubliersilikon oder Silikonabdr\u00fccke vor dem Ausgie\u00dfen<br \/>\nmit Gips oder Einbettmassen geeignet, desinfizierend.<\/p>\n","protected":false},"excerpt":{"rendered":"<p>Silikon- und Wachsentspannungsmittel, besonders f\u00fcr Dubliersilikon oder Silikonabdr\u00fccke vor dem Ausgie\u00dfen<\/p>\n","protected":false},"author":1,"featured_media":507,"parent":5,"menu_order":0,"comment_status":"closed","ping_status":"closed","template":"","meta":[],"_links":{"self":[{"href":"https:\/\/lunacasting.com\/de\/index.php\/wp-json\/wp\/v2\/pages\/62"}],"collection":[{"href":"https:\/\/lunacasting.com\/de\/index.php\/wp-json\/wp\/v2\/pages"}],"about":[{"href":"https:\/\/lunacasting.com\/de\/index.php\/wp-json\/wp\/v2\/types\/page"}],"author":[{"embeddable":true,"href":"https:\/\/lunacasting.com\/de\/index.php\/wp-json\/wp\/v2\/users\/1"}],"replies":[{"embeddable":true,"href":"https:\/\/lunacasting.com\/de\/index.php\/wp-json\/wp\/v2\/comments?post=62"}],"version-history":[{"count":4,"href":"https:\/\/lunacasting.com\/de\/index.php\/wp-json\/wp\/v2\/pages\/62\/revisions"}],"predecessor-version":[{"id":654,"href":"https:\/\/lunacasting.com\/de\/index.php\/wp-json\/wp\/v2\/pages\/62\/revisions\/654"}],"up":[{"embeddable":true,"href":"https:\/\/lunacasting.com\/de\/index.php\/wp-json\/wp\/v2\/pages\/5"}],"wp:featuredmedia":[{"embeddable":true,"href":"https:\/\/lunacasting.com\/de\/index.php\/wp-json\/wp\/v2\/media\/507"}],"wp:attachment":[{"href":"https:\/\/lunacasting.com\/de\/index.php\/wp-json\/wp\/v2\/media?parent=62"}],"curies":[{"name":"wp","href":"https:\/\/api.w.org\/{rel}","templated":true}]}}