{"id":418,"date":"2019-02-08T19:30:22","date_gmt":"2019-02-08T16:30:22","guid":{"rendered":"http:\/\/lunacasting.com\/de\/?page_id=418"},"modified":"2019-02-19T19:20:41","modified_gmt":"2019-02-19T16:20:41","slug":"luna-wax-sprey","status":"publish","type":"page","link":"https:\/\/lunacasting.com\/de\/index.php\/produkte\/luna-wax-sprey\/","title":{"rendered":"LUNA WAX SPREY"},"content":{"rendered":"<div id=\"pl-418\"  class=\"panel-layout\" ><div id=\"pg-418-0\"  class=\"panel-grid panel-has-style\" ><div class=\"panel-row-style panel-row-style-for-418-0\" ><div id=\"pgc-418-0-0\"  class=\"panel-grid-cell\" ><div id=\"panel-418-0-0-0\" class=\"so-panel widget widget_sow-editor panel-first-child panel-last-child\" data-index=\"0\" ><div\n\t\t\t\n\t\t\tclass=\"so-widget-sow-editor so-widget-sow-editor-base\"\n\t\t\t\n\t\t>\n<div class=\"siteorigin-widget-tinymce textwidget\">\n\t<p><img loading=\"lazy\" class=\"alignnone wp-image-362 size-full\" src=\"http:\/\/lunacasting.com\/de\/wp-content\/uploads\/2019\/02\/LUNAGEL.jpg\" alt=\"\" width=\"2480\" height=\"2184\" srcset=\"https:\/\/lunacasting.com\/de\/wp-content\/uploads\/2019\/02\/LUNAGEL.jpg 2480w, https:\/\/lunacasting.com\/de\/wp-content\/uploads\/2019\/02\/LUNAGEL-300x264.jpg 300w, https:\/\/lunacasting.com\/de\/wp-content\/uploads\/2019\/02\/LUNAGEL-768x676.jpg 768w, https:\/\/lunacasting.com\/de\/wp-content\/uploads\/2019\/02\/LUNAGEL-1024x902.jpg 1024w\" sizes=\"(max-width: 2480px) 100vw, 2480px\" \/><\/p>\n<\/div>\n<\/div><\/div><\/div><div id=\"pgc-418-0-1\"  class=\"panel-grid-cell\" ><div id=\"panel-418-0-1-0\" class=\"so-panel widget widget_sow-editor panel-first-child panel-last-child\" data-index=\"1\" ><div\n\t\t\t\n\t\t\tclass=\"so-widget-sow-editor so-widget-sow-editor-base\"\n\t\t\t\n\t\t>\n<div class=\"siteorigin-widget-tinymce textwidget\">\n\t<p>Silikon- und Wachsentspannungsmittel, besonders f\u00fcr Dubliersilikon oder Silikonabdr\u00fccke vor dem Ausgie\u00dfen<br \/>\nmit Gips oder Einbettmassen geeignet, desinfizierend.<\/p>\n<\/div>\n<\/div><\/div><\/div><\/div><\/div><\/div>","protected":false},"excerpt":{"rendered":"<p>Silikon- und Wachsentspannungsmittel, besonders f\u00fcr Dubliersilikon oder Silikonabdr\u00fccke vor dem Ausgie\u00dfen mit Gips oder Einbettmassen geeignet, desinfizierend.<\/p>\n","protected":false},"author":1,"featured_media":0,"parent":333,"menu_order":0,"comment_status":"closed","ping_status":"closed","template":"","meta":[],"_links":{"self":[{"href":"https:\/\/lunacasting.com\/de\/index.php\/wp-json\/wp\/v2\/pages\/418"}],"collection":[{"href":"https:\/\/lunacasting.com\/de\/index.php\/wp-json\/wp\/v2\/pages"}],"about":[{"href":"https:\/\/lunacasting.com\/de\/index.php\/wp-json\/wp\/v2\/types\/page"}],"author":[{"embeddable":true,"href":"https:\/\/lunacasting.com\/de\/index.php\/wp-json\/wp\/v2\/users\/1"}],"replies":[{"embeddable":true,"href":"https:\/\/lunacasting.com\/de\/index.php\/wp-json\/wp\/v2\/comments?post=418"}],"version-history":[{"count":4,"href":"https:\/\/lunacasting.com\/de\/index.php\/wp-json\/wp\/v2\/pages\/418\/revisions"}],"predecessor-version":[{"id":644,"href":"https:\/\/lunacasting.com\/de\/index.php\/wp-json\/wp\/v2\/pages\/418\/revisions\/644"}],"up":[{"embeddable":true,"href":"https:\/\/lunacasting.com\/de\/index.php\/wp-json\/wp\/v2\/pages\/333"}],"wp:attachment":[{"href":"https:\/\/lunacasting.com\/de\/index.php\/wp-json\/wp\/v2\/media?parent=418"}],"curies":[{"name":"wp","href":"https:\/\/api.w.org\/{rel}","templated":true}]}}