{"id":406,"date":"2019-02-08T19:17:33","date_gmt":"2019-02-08T16:17:33","guid":{"rendered":"http:\/\/lunacasting.com\/de\/?page_id=406"},"modified":"2019-02-19T19:16:14","modified_gmt":"2019-02-19T16:16:14","slug":"luna-modelling-porcelain-liquid","status":"publish","type":"page","link":"https:\/\/lunacasting.com\/de\/index.php\/produkte\/luna-modelling-porcelain-liquid\/","title":{"rendered":"LUNA MODELLING &#038; PORCELAIN L\u0130QU\u0130D"},"content":{"rendered":"<div id=\"pl-406\"  class=\"panel-layout\" ><div id=\"pg-406-0\"  class=\"panel-grid panel-has-style\" ><div class=\"panel-row-style panel-row-style-for-406-0\" ><div id=\"pgc-406-0-0\"  class=\"panel-grid-cell\" ><div id=\"panel-406-0-0-0\" class=\"so-panel widget widget_sow-editor panel-first-child panel-last-child\" data-index=\"0\" ><div\n\t\t\t\n\t\t\tclass=\"so-widget-sow-editor so-widget-sow-editor-base\"\n\t\t\t\n\t\t>\n<div class=\"siteorigin-widget-tinymce textwidget\">\n\t<p><img loading=\"lazy\" class=\"alignnone size-full wp-image-407\" src=\"http:\/\/lunacasting.com\/de\/wp-content\/uploads\/2019\/02\/LUNA-MODELLING-PORCELAIN-L\u0130QU\u0130D.jpg\" alt=\"\" width=\"2480\" height=\"2184\" srcset=\"https:\/\/lunacasting.com\/de\/wp-content\/uploads\/2019\/02\/LUNA-MODELLING-PORCELAIN-L\u0130QU\u0130D.jpg 2480w, https:\/\/lunacasting.com\/de\/wp-content\/uploads\/2019\/02\/LUNA-MODELLING-PORCELAIN-L\u0130QU\u0130D-300x264.jpg 300w, https:\/\/lunacasting.com\/de\/wp-content\/uploads\/2019\/02\/LUNA-MODELLING-PORCELAIN-L\u0130QU\u0130D-768x676.jpg 768w, https:\/\/lunacasting.com\/de\/wp-content\/uploads\/2019\/02\/LUNA-MODELLING-PORCELAIN-L\u0130QU\u0130D-1024x902.jpg 1024w\" sizes=\"(max-width: 2480px) 100vw, 2480px\" \/><\/p>\n<\/div>\n<\/div><\/div><\/div><div id=\"pgc-406-0-1\"  class=\"panel-grid-cell\" ><div id=\"panel-406-0-1-0\" class=\"so-panel widget widget_sow-editor panel-first-child panel-last-child\" data-index=\"1\" ><div\n\t\t\t\n\t\t\tclass=\"so-widget-sow-editor so-widget-sow-editor-base\"\n\t\t\t\n\t\t>\n<div class=\"siteorigin-widget-tinymce textwidget\">\n\t<p>Es ist die Anwendung von Porzellanpulver auf fl\u00fcssige Porzellankrone Br\u00fccke Anwendungen. Mit und ohne Metalltr\u00e4ger. Es wurde speziell f\u00fcr Porzellanpulver mit dem Korn, die die Gefahr des Verlustes der Form entwickelt .<\/p>\n<\/div>\n<\/div><\/div><\/div><\/div><\/div><\/div>","protected":false},"excerpt":{"rendered":"<p>Es ist die Anwendung von Porzellanpulver auf fl\u00fcssige Porzellankrone Br\u00fccke Anwendungen. Mit und ohne Metalltr\u00e4ger. Es wurde speziell f\u00fcr Porzellanpulver mit dem Korn, die die Gefahr des Verlustes der Form entwickelt .<\/p>\n","protected":false},"author":1,"featured_media":0,"parent":333,"menu_order":0,"comment_status":"closed","ping_status":"closed","template":"","meta":[],"_links":{"self":[{"href":"https:\/\/lunacasting.com\/de\/index.php\/wp-json\/wp\/v2\/pages\/406"}],"collection":[{"href":"https:\/\/lunacasting.com\/de\/index.php\/wp-json\/wp\/v2\/pages"}],"about":[{"href":"https:\/\/lunacasting.com\/de\/index.php\/wp-json\/wp\/v2\/types\/page"}],"author":[{"embeddable":true,"href":"https:\/\/lunacasting.com\/de\/index.php\/wp-json\/wp\/v2\/users\/1"}],"replies":[{"embeddable":true,"href":"https:\/\/lunacasting.com\/de\/index.php\/wp-json\/wp\/v2\/comments?post=406"}],"version-history":[{"count":3,"href":"https:\/\/lunacasting.com\/de\/index.php\/wp-json\/wp\/v2\/pages\/406\/revisions"}],"predecessor-version":[{"id":641,"href":"https:\/\/lunacasting.com\/de\/index.php\/wp-json\/wp\/v2\/pages\/406\/revisions\/641"}],"up":[{"embeddable":true,"href":"https:\/\/lunacasting.com\/de\/index.php\/wp-json\/wp\/v2\/pages\/333"}],"wp:attachment":[{"href":"https:\/\/lunacasting.com\/de\/index.php\/wp-json\/wp\/v2\/media?parent=406"}],"curies":[{"name":"wp","href":"https:\/\/api.w.org\/{rel}","templated":true}]}}