{"id":395,"date":"2019-02-08T19:01:11","date_gmt":"2019-02-08T16:01:11","guid":{"rendered":"http:\/\/lunacasting.com\/de\/?page_id=395"},"modified":"2019-02-19T18:57:24","modified_gmt":"2019-02-19T15:57:24","slug":"luna-acryl-temporary-crown-and-bridge","status":"publish","type":"page","link":"https:\/\/lunacasting.com\/de\/index.php\/produkte\/luna-acryl-temporary-crown-and-bridge\/","title":{"rendered":"LUNA ACRYL TEMPORARY CROWN AND BR\u0130DGE"},"content":{"rendered":"<div id=\"pl-395\"  class=\"panel-layout\" ><div id=\"pg-395-0\"  class=\"panel-grid panel-has-style\" ><div class=\"panel-row-style panel-row-style-for-395-0\" ><div id=\"pgc-395-0-0\"  class=\"panel-grid-cell\" ><div id=\"panel-395-0-0-0\" class=\"so-panel widget widget_sow-editor panel-first-child panel-last-child\" data-index=\"0\" ><div\n\t\t\t\n\t\t\tclass=\"so-widget-sow-editor so-widget-sow-editor-base\"\n\t\t\t\n\t\t>\n<div class=\"siteorigin-widget-tinymce textwidget\">\n\t<p><img loading=\"lazy\" class=\"alignnone size-full wp-image-396\" src=\"http:\/\/lunacasting.com\/de\/wp-content\/uploads\/2019\/02\/LUNA-ACRYL-TEMPORARY-CROWN-AND-BR\u0130DGE.jpg\" alt=\"\" width=\"2480\" height=\"2184\" srcset=\"https:\/\/lunacasting.com\/de\/wp-content\/uploads\/2019\/02\/LUNA-ACRYL-TEMPORARY-CROWN-AND-BR\u0130DGE.jpg 2480w, https:\/\/lunacasting.com\/de\/wp-content\/uploads\/2019\/02\/LUNA-ACRYL-TEMPORARY-CROWN-AND-BR\u0130DGE-300x264.jpg 300w, https:\/\/lunacasting.com\/de\/wp-content\/uploads\/2019\/02\/LUNA-ACRYL-TEMPORARY-CROWN-AND-BR\u0130DGE-768x676.jpg 768w, https:\/\/lunacasting.com\/de\/wp-content\/uploads\/2019\/02\/LUNA-ACRYL-TEMPORARY-CROWN-AND-BR\u0130DGE-1024x902.jpg 1024w\" sizes=\"(max-width: 2480px) 100vw, 2480px\" \/><\/p>\n<\/div>\n<\/div><\/div><\/div><div id=\"pgc-395-0-1\"  class=\"panel-grid-cell\" ><div id=\"panel-395-0-1-0\" class=\"so-panel widget widget_sow-editor panel-first-child panel-last-child\" data-index=\"1\" ><div\n\t\t\t\n\t\t\tclass=\"so-widget-sow-editor so-widget-sow-editor-base\"\n\t\t\t\n\t\t>\n<div class=\"siteorigin-widget-tinymce textwidget\">\n\t<p>Das Mischen von Staub und Fl\u00fcssigkeit sollte mit einem trockenen Porzellantopf erfolgen.<br \/>\nF\u00fcr die Mischung sollten 24 g Pulver und 10 ml Fl\u00fcssigkeit verwendet werden.<br \/>\nEs sollte eine Minute mit dem Spatel gemischt werden, nachdem die Fl\u00fcssigkeit eine Minute lang hinzugef\u00fcgt wurde.<br \/>\nDie Polymerisation erfolgt bei normaler Raumtemperatur allein.<br \/>\nDie Arbeitszeit betr\u00e4gt je nach Raumtemperatur 20 bis 25 Minuten.<\/p>\n<\/div>\n<\/div><\/div><\/div><\/div><\/div><\/div>","protected":false},"excerpt":{"rendered":"<p>Das Mischen von Staub und Fl\u00fcssigkeit sollte mit einem trockenen Porzellantopf erfolgen. F\u00fcr die Mischung sollten 24 g Pulver und 10 ml Fl\u00fcssigkeit verwendet werden. Es sollte eine Minute mit dem Spatel gemischt werden, nachdem die Fl\u00fcssigkeit eine Minute lang hinzugef\u00fcgt wurde. Die Polymerisation erfolgt bei normaler Raumtemperatur allein. Die Arbeitszeit betr\u00e4gt je nach Raumtemperatur&hellip;<\/p>\n","protected":false},"author":1,"featured_media":0,"parent":333,"menu_order":0,"comment_status":"closed","ping_status":"closed","template":"","meta":[],"_links":{"self":[{"href":"https:\/\/lunacasting.com\/de\/index.php\/wp-json\/wp\/v2\/pages\/395"}],"collection":[{"href":"https:\/\/lunacasting.com\/de\/index.php\/wp-json\/wp\/v2\/pages"}],"about":[{"href":"https:\/\/lunacasting.com\/de\/index.php\/wp-json\/wp\/v2\/types\/page"}],"author":[{"embeddable":true,"href":"https:\/\/lunacasting.com\/de\/index.php\/wp-json\/wp\/v2\/users\/1"}],"replies":[{"embeddable":true,"href":"https:\/\/lunacasting.com\/de\/index.php\/wp-json\/wp\/v2\/comments?post=395"}],"version-history":[{"count":3,"href":"https:\/\/lunacasting.com\/de\/index.php\/wp-json\/wp\/v2\/pages\/395\/revisions"}],"predecessor-version":[{"id":639,"href":"https:\/\/lunacasting.com\/de\/index.php\/wp-json\/wp\/v2\/pages\/395\/revisions\/639"}],"up":[{"embeddable":true,"href":"https:\/\/lunacasting.com\/de\/index.php\/wp-json\/wp\/v2\/pages\/333"}],"wp:attachment":[{"href":"https:\/\/lunacasting.com\/de\/index.php\/wp-json\/wp\/v2\/media?parent=395"}],"curies":[{"name":"wp","href":"https:\/\/api.w.org\/{rel}","templated":true}]}}