{"id":383,"date":"2019-02-08T18:32:50","date_gmt":"2019-02-08T15:32:50","guid":{"rendered":"http:\/\/lunacasting.com\/de\/?page_id=383"},"modified":"2019-02-19T18:55:44","modified_gmt":"2019-02-19T15:55:44","slug":"luna-acryl-rapid-repair-coldcure","status":"publish","type":"page","link":"https:\/\/lunacasting.com\/de\/index.php\/produkte\/luna-acryl-rapid-repair-coldcure\/","title":{"rendered":"LUNA ACRYL RAP\u0130D REPA\u0130R COLDCURE"},"content":{"rendered":"<div id=\"pl-383\"  class=\"panel-layout\" ><div id=\"pg-383-0\"  class=\"panel-grid panel-has-style\" ><div class=\"panel-row-style panel-row-style-for-383-0\" ><div id=\"pgc-383-0-0\"  class=\"panel-grid-cell\" ><div id=\"panel-383-0-0-0\" class=\"so-panel widget widget_sow-editor panel-first-child panel-last-child\" data-index=\"0\" ><div\n\t\t\t\n\t\t\tclass=\"so-widget-sow-editor so-widget-sow-editor-base\"\n\t\t\t\n\t\t>\n<div class=\"siteorigin-widget-tinymce textwidget\">\n\t<p><img loading=\"lazy\" class=\"alignnone size-full wp-image-385\" src=\"http:\/\/lunacasting.com\/de\/wp-content\/uploads\/2019\/02\/LUNA-ACRYL-RAP\u0130D-REPA\u0130R-COLDCURE.jpg\" alt=\"\" width=\"2480\" height=\"2184\" srcset=\"https:\/\/lunacasting.com\/de\/wp-content\/uploads\/2019\/02\/LUNA-ACRYL-RAP\u0130D-REPA\u0130R-COLDCURE.jpg 2480w, https:\/\/lunacasting.com\/de\/wp-content\/uploads\/2019\/02\/LUNA-ACRYL-RAP\u0130D-REPA\u0130R-COLDCURE-300x264.jpg 300w, https:\/\/lunacasting.com\/de\/wp-content\/uploads\/2019\/02\/LUNA-ACRYL-RAP\u0130D-REPA\u0130R-COLDCURE-768x676.jpg 768w, https:\/\/lunacasting.com\/de\/wp-content\/uploads\/2019\/02\/LUNA-ACRYL-RAP\u0130D-REPA\u0130R-COLDCURE-1024x902.jpg 1024w\" sizes=\"(max-width: 2480px) 100vw, 2480px\" \/><\/p>\n<\/div>\n<\/div><\/div><\/div><div id=\"pgc-383-0-1\"  class=\"panel-grid-cell\" ><div id=\"panel-383-0-1-0\" class=\"so-panel widget widget_sow-editor panel-first-child panel-last-child\" data-index=\"1\" ><div\n\t\t\t\n\t\t\tclass=\"so-widget-sow-editor so-widget-sow-editor-base\"\n\t\t\t\n\t\t>\n<div class=\"siteorigin-widget-tinymce textwidget\">\n\t<p>Das Mischen von Staub und Fl\u00fcssigkeit sollte mit einem trockenen Porzellantopf erfolgen.<br \/>\nF\u00fcr die Mischung sollten 24 g Pulver und 10 ml Fl\u00fcssigkeit verwendet werden.<br \/>\nEs sollte eine Minute mit dem Spatel gemischt werden, nachdem die Fl\u00fcssigkeit eine Minute lang hinzugef\u00fcgt wurde.<br \/>\nDie Paste sollte \u00fcberpr\u00fcft und die Reaktion durchgef\u00fchrt werden, nachdem die Verklebung beendet ist.<br \/>\nBei Raumtemperatur wird es in 10 Minuten aufgeschlossen.<br \/>\n100 C polymerisieren in 30 Minuten.<br \/>\nW\u00e4hrend der Aush\u00e4rtung muss ausreichend Druck ausge\u00fcbt werden.<br \/>\nVermeiden Sie sehr hohe Temperaturen und schnelle Erhitzung.<\/p>\n<\/div>\n<\/div><\/div><\/div><\/div><\/div><\/div>","protected":false},"excerpt":{"rendered":"<p>Das Mischen von Staub und Fl\u00fcssigkeit sollte mit einem trockenen Porzellantopf erfolgen. F\u00fcr die Mischung sollten 24 g Pulver und 10 ml Fl\u00fcssigkeit verwendet werden. Es sollte eine Minute mit dem Spatel gemischt werden, nachdem die Fl\u00fcssigkeit eine Minute lang hinzugef\u00fcgt wurde. Die Paste sollte \u00fcberpr\u00fcft und die Reaktion durchgef\u00fchrt werden, nachdem die Verklebung beendet&hellip;<\/p>\n","protected":false},"author":1,"featured_media":0,"parent":333,"menu_order":0,"comment_status":"closed","ping_status":"closed","template":"","meta":[],"_links":{"self":[{"href":"https:\/\/lunacasting.com\/de\/index.php\/wp-json\/wp\/v2\/pages\/383"}],"collection":[{"href":"https:\/\/lunacasting.com\/de\/index.php\/wp-json\/wp\/v2\/pages"}],"about":[{"href":"https:\/\/lunacasting.com\/de\/index.php\/wp-json\/wp\/v2\/types\/page"}],"author":[{"embeddable":true,"href":"https:\/\/lunacasting.com\/de\/index.php\/wp-json\/wp\/v2\/users\/1"}],"replies":[{"embeddable":true,"href":"https:\/\/lunacasting.com\/de\/index.php\/wp-json\/wp\/v2\/comments?post=383"}],"version-history":[{"count":5,"href":"https:\/\/lunacasting.com\/de\/index.php\/wp-json\/wp\/v2\/pages\/383\/revisions"}],"predecessor-version":[{"id":638,"href":"https:\/\/lunacasting.com\/de\/index.php\/wp-json\/wp\/v2\/pages\/383\/revisions\/638"}],"up":[{"embeddable":true,"href":"https:\/\/lunacasting.com\/de\/index.php\/wp-json\/wp\/v2\/pages\/333"}],"wp:attachment":[{"href":"https:\/\/lunacasting.com\/de\/index.php\/wp-json\/wp\/v2\/media?parent=383"}],"curies":[{"name":"wp","href":"https:\/\/api.w.org\/{rel}","templated":true}]}}